{"id":1744,"date":"2024-10-26T05:45:26","date_gmt":"2024-10-26T05:45:26","guid":{"rendered":"https:\/\/www.praiadorosayogabrasil.com\/?page_id=1744"},"modified":"2024-10-26T06:43:31","modified_gmt":"2024-10-26T06:43:31","slug":"about","status":"publish","type":"page","link":"http:\/\/praiadorosayogabrasil.com\/pt\/about\/","title":{"rendered":"About"},"content":{"rendered":"<div class=\"vc_row wpb_row vc_row-fluid\" data-lang=\"English\"><div class=\"wpb_column vc_column_container vc_col-sm-12\"><div class=\"vc_column-inner\"><div class=\"wpb_wrapper\">\n\t<div class=\"wpb_single_image wpb_content_element vc_align_left\">\n\t\t\n\t\t<figure class=\"wpb_wrapper vc_figure\">\n\t\t\t<div class=\"vc_single_image-wrapper   vc_box_border_grey\"><img fetchpriority=\"high\" decoding=\"async\" width=\"800\" height=\"1199\" src=\"https:\/\/i0.wp.com\/praiadorosayogabrasil.com\/wp-content\/uploads\/2016\/07\/0006845.jpg?fit=800%2C1199&amp;ssl=1\" class=\"vc_single_image-img attachment-full\" alt=\"\" srcset=\"https:\/\/i0.wp.com\/praiadorosayogabrasil.com\/wp-content\/uploads\/2016\/07\/0006845.jpg?w=800&amp;ssl=1 800w, https:\/\/i0.wp.com\/praiadorosayogabrasil.com\/wp-content\/uploads\/2016\/07\/0006845.jpg?resize=200%2C300&amp;ssl=1 200w, https:\/\/i0.wp.com\/praiadorosayogabrasil.com\/wp-content\/uploads\/2016\/07\/0006845.jpg?resize=768%2C1151&amp;ssl=1 768w, https:\/\/i0.wp.com\/praiadorosayogabrasil.com\/wp-content\/uploads\/2016\/07\/0006845.jpg?resize=683%2C1024&amp;ssl=1 683w, https:\/\/i0.wp.com\/praiadorosayogabrasil.com\/wp-content\/uploads\/2016\/07\/0006845.jpg?resize=700%2C1049&amp;ssl=1 700w\" sizes=\"(max-width: 800px) 100vw, 800px\" \/><\/div>\n\t\t<\/figure>\n\t<\/div>\n\n\t<div class=\"wpb_text_column wpb_content_element\">\n\t\t<div class=\"wpb_wrapper\">\n\t\t\t<h2>Miss\u00e3o<\/h2>\n\n\t\t<\/div>\n\t<\/div>\n<div class=\"vc_empty_space\"  style=\"height: 46px\" ><span class=\"vc_empty_space_inner\"><\/span><\/div>\n\n\t<div class=\"wpb_text_column wpb_content_element\">\n\t\t<div class=\"wpb_wrapper\">\n\t\t\t<h4 style=\"text-align: left;\"><\/h4>\n<p style=\"text-align: left;\">Bem-vindo a um lugar de beleza natural incr\u00edvel, onde cada viajante consegue sentir totalmente ativo e bem.<\/p>\n<p>&nbsp;<\/p>\n<p style=\"text-align: left;\">Um lugar que promove uma vida mais saud\u00e1vel, feliz, inspiradora e vibrante.<br \/>\nAtrav\u00e9s da combina\u00e7\u00e3o de yoga que todos adoram, massagem para relaxar as tens\u00f5es, cultura para sentir-se como um local, comida deliciosa e saud\u00e1vel, com um senso de aventura e liberdade \u2013  resulta no estilo Brasileiro! Voc\u00ea vai ter garantia de vivenciar uma experi\u00eancia transformadora.<\/p>\n<p>&nbsp;<\/p>\n<p style=\"text-align: left;\">N\u00f3s somos apaixonados pelo que fazemos e adoramos trazer pessoas de mentes parecidas para viv\u00eancias em conjunto.<\/p>\n<p>&nbsp;<\/p>\n<p style=\"text-align: left;\">N\u00f3s temos muito orgulho em dividir o estilo de vida \u00fanico de nosso lugar. Valorizamos nosso conhecimento de bem-estar e temos grande prazer em transmiti-lo aos outros. Nosso foco \u00e9 a sua felicidade.<\/p>\n<p>&nbsp;<\/p>\n<p style=\"text-align: left;\">Acima de tudo, n\u00f3s oferecemos uma experi\u00eancia inesquec\u00edvel.<\/p>\n<p>&nbsp;<\/p>\n<p style=\"text-align: left;\"><strong><a href=\"http:\/\/praiadorosayogabrasil.com\/pt\/contact\/\">Entre em contato<\/a> <\/strong>para descobrir como n\u00f3s podemos fazer voc\u00ea se sentir totalmente feliz.<\/p>\n\n\t\t<\/div>\n\t<\/div>\n\n\t<div class=\"wpb_text_column wpb_content_element\">\n\t\t<div class=\"wpb_wrapper\">\n\t\t\t<h2>Fundadora<\/h2>\n\n\t\t<\/div>\n\t<\/div>\n<div class=\"vc_empty_space\"  style=\"height: 46px\" ><span class=\"vc_empty_space_inner\"><\/span><\/div>\n\n\t<div class=\"wpb_text_column wpb_content_element\">\n\t\t<div class=\"wpb_wrapper\">\n\t\t\t<p style=\"text-align: left;\">Natalie Nardi \u00e9 a fundadora da Praia do Rosa Yoga Brasil, instrutora de y\u00f4ga formada, massagista e coordenadora de eventos. Nascida no Brasil, sua inf\u00e2ncia foi na pequena cidade praiana de Imbituba, mas ela cresceu em Londres. Aos vinte e poucos anos decidiu voltar para suas origens para seguir um estilo de vida diferente.<\/p>\n<p>&nbsp;<\/p>\n<p style=\"text-align: left;\">O pai de Natalie foi uma lenda do surf na regi\u00e3o, um homem aventureiro e de grandes id\u00e9ias; ele tamb\u00e9m foi um pioneiro em alimenta\u00e7\u00e3o macrobi\u00f3tica, causando grande influ\u00eancia na alimenta\u00e7\u00e3o da fam\u00edlia. Sua m\u00e3e inglesa foi uma respeitada professora de Y\u00f4ga. As lembran\u00e7as da inf\u00e2ncia de Natalie incluem acompanhar sua m\u00e3e nas aulas de y\u00f4ga e geralmente terminar dormindo no y\u00f4ga mat. Continuando a tradi\u00e7\u00e3o familiar de bem-estar e a conex\u00e3o com o Brasil, Natalie criou seu pr\u00f3prio estilo de vida e carreira, baseados nesses valores.<\/p>\n<p>&nbsp;<\/p>\n<p style=\"text-align: left;\">Hoje em dia, Natalie coordena viagens de aventura no hotel de sua fam\u00edlia (Pousada Casa do Ceo) e restaurante (Nha Frida) na Praia do Rosa, Brasil. Natalie e sua equipe oferecem aulas de y\u00f4ga revitalizantes, massagens curativas, entre tantas outras atividades.<\/p>\n<p>&nbsp;<\/p>\n<p style=\"text-align: left;\">Natalie possui um estilo de ensinar pr\u00f3prio, oriundo das ra\u00edzes de Hata y\u00f4ga cl\u00e1ssico,  o qual incorpora elementos de Vinyasa, Iyengar e Thai Yoga. Ela acredita que yoga \u00e9 para todos, nunca complicado, sempre seguro e com um senso de liberdade e divers\u00e3o.<\/p>\n<p style=\"text-align: left;\"><a href=\"http:\/\/praiadorosayogabrasil.com\/pt\/contact\/\">Contate-nos<\/a><\/p>\n\n\t\t<\/div>\n\t<\/div>\n\n\t<div class=\"wpb_single_image wpb_content_element vc_align_left\">\n\t\t\n\t\t<figure class=\"wpb_wrapper vc_figure\">\n\t\t\t<div class=\"vc_single_image-wrapper   vc_box_border_grey\"><img decoding=\"async\" width=\"2048\" height=\"1536\" src=\"https:\/\/i2.wp.com\/praiadorosayogabrasil.com\/wp-content\/uploads\/2018\/01\/image17-1.jpg?fit=2048%2C1536&amp;ssl=1\" class=\"vc_single_image-img attachment-full\" alt=\"\" srcset=\"https:\/\/i2.wp.com\/praiadorosayogabrasil.com\/wp-content\/uploads\/2018\/01\/image17-1.jpg?w=2048&amp;ssl=1 2048w, https:\/\/i2.wp.com\/praiadorosayogabrasil.com\/wp-content\/uploads\/2018\/01\/image17-1.jpg?resize=300%2C225&amp;ssl=1 300w, https:\/\/i2.wp.com\/praiadorosayogabrasil.com\/wp-content\/uploads\/2018\/01\/image17-1.jpg?resize=768%2C576&amp;ssl=1 768w, https:\/\/i2.wp.com\/praiadorosayogabrasil.com\/wp-content\/uploads\/2018\/01\/image17-1.jpg?resize=1024%2C768&amp;ssl=1 1024w, https:\/\/i2.wp.com\/praiadorosayogabrasil.com\/wp-content\/uploads\/2018\/01\/image17-1.jpg?resize=800%2C600&amp;ssl=1 800w, https:\/\/i2.wp.com\/praiadorosayogabrasil.com\/wp-content\/uploads\/2018\/01\/image17-1.jpg?resize=700%2C525&amp;ssl=1 700w\" sizes=\"(max-width: 1060px) 100vw, 1060px\" \/><\/div>\n\t\t<\/figure>\n\t<\/div>\n<\/div><\/div><\/div><\/div>","protected":false},"excerpt":{"rendered":"Mission Welcome to a place of breathtaking natural beauty where every traveler can feel totally alive and well. &nbsp; A place that promotes a healthier, happier, more inspired and more vibrant life. By combining yoga that everyone loves, massage to make you melt, culture to...","protected":false},"author":1,"featured_media":0,"parent":0,"menu_order":0,"comment_status":"closed","ping_status":"closed","template":"","meta":{"_price":"","_stock":"","_tribe_ticket_header":"","_tribe_default_ticket_provider":"TEC\\Tickets\\Commerce\\Module","_tribe_ticket_capacity":"0","_ticket_start_date":"","_ticket_end_date":"","_tribe_ticket_show_description":"","_tribe_ticket_show_not_going":false,"_tribe_ticket_use_global_stock":"","_tribe_ticket_global_stock_level":"","_global_stock_mode":"","_global_stock_cap":"","_tribe_rsvp_for_event":"","_tribe_ticket_going_count":"","_tribe_ticket_not_going_count":"","_tribe_tickets_list":"[]","_tribe_ticket_has_attendee_info_fields":false,"spay_email":"","footnotes":""},"ticketed":false,"_links":{"self":[{"href":"http:\/\/praiadorosayogabrasil.com\/pt\/wp-json\/wp\/v2\/pages\/1744"}],"collection":[{"href":"http:\/\/praiadorosayogabrasil.com\/pt\/wp-json\/wp\/v2\/pages"}],"about":[{"href":"http:\/\/praiadorosayogabrasil.com\/pt\/wp-json\/wp\/v2\/types\/page"}],"author":[{"embeddable":true,"href":"http:\/\/praiadorosayogabrasil.com\/pt\/wp-json\/wp\/v2\/users\/1"}],"replies":[{"embeddable":true,"href":"http:\/\/praiadorosayogabrasil.com\/pt\/wp-json\/wp\/v2\/comments?post=1744"}],"version-history":[{"count":3,"href":"http:\/\/praiadorosayogabrasil.com\/pt\/wp-json\/wp\/v2\/pages\/1744\/revisions"}],"predecessor-version":[{"id":1757,"href":"http:\/\/praiadorosayogabrasil.com\/pt\/wp-json\/wp\/v2\/pages\/1744\/revisions\/1757"}],"wp:attachment":[{"href":"http:\/\/praiadorosayogabrasil.com\/pt\/wp-json\/wp\/v2\/media?parent=1744"}],"curies":[{"name":"wp","href":"https:\/\/api.w.org\/{rel}","templated":true}]}}