{"id":303,"date":"2016-08-30T10:47:16","date_gmt":"2016-08-30T10:47:16","guid":{"rendered":"http:\/\/www.praiadorosayogabrasil.com\/?page_id=303"},"modified":"2019-05-06T22:39:07","modified_gmt":"2019-05-06T22:39:07","slug":"personalretreats","status":"publish","type":"page","link":"http:\/\/praiadorosayogabrasil.com\/pt\/personalretreats\/","title":{"rendered":"Retiros VIP"},"content":{"rendered":"<div class=\"vc_row wpb_row vc_row-fluid vc_custom_1468918372956\" data-lang=\"English\"><div class=\"wpb_column vc_column_container vc_col-sm-12\"><div class=\"vc_column-inner\"><div class=\"wpb_wrapper\"><\/div><\/div><\/div><\/div><div class=\"vc_row wpb_row vc_row-fluid\" data-lang=\"English\"><div class=\"wpb_column vc_column_container vc_col-sm-12\"><div class=\"vc_column-inner\"><div class=\"wpb_wrapper\"><div class=\"vc_separator wpb_content_element vc_separator_align_center vc_sep_width_100 vc_separator_no_text\"><span class=\"vc_sep_holder vc_sep_holder_l\"><span  class=\"vc_sep_line\"><\/span><\/span><span class=\"vc_sep_holder vc_sep_holder_r\"><span  class=\"vc_sep_line\"><\/span><\/span>\n<\/div><\/div><\/div><\/div><\/div><div class=\"vc_row wpb_row vc_row-fluid vc_custom_1553021195465\" data-lang=\"English\"><div class=\"wpb_column vc_column_container vc_col-sm-6\"><div class=\"vc_column-inner vc_custom_1553516300954\"><div class=\"wpb_wrapper\">\n\t<div class=\"wpb_single_image wpb_content_element vc_align_left\">\n\t\t\n\t\t<figure class=\"wpb_wrapper vc_figure\">\n\t\t\t<div class=\"vc_single_image-wrapper   vc_box_border_grey\"><img fetchpriority=\"high\" decoding=\"async\" width=\"1024\" height=\"768\" src=\"https:\/\/i0.wp.com\/praiadorosayogabrasil.com\/wp-content\/uploads\/2019\/03\/vip-retreat.jpeg?fit=1024%2C768&amp;ssl=1\" class=\"vc_single_image-img attachment-large\" alt=\"\" srcset=\"https:\/\/i0.wp.com\/praiadorosayogabrasil.com\/wp-content\/uploads\/2019\/03\/vip-retreat.jpeg?w=3264&amp;ssl=1 3264w, https:\/\/i0.wp.com\/praiadorosayogabrasil.com\/wp-content\/uploads\/2019\/03\/vip-retreat.jpeg?resize=300%2C225&amp;ssl=1 300w, https:\/\/i0.wp.com\/praiadorosayogabrasil.com\/wp-content\/uploads\/2019\/03\/vip-retreat.jpeg?resize=768%2C576&amp;ssl=1 768w, https:\/\/i0.wp.com\/praiadorosayogabrasil.com\/wp-content\/uploads\/2019\/03\/vip-retreat.jpeg?resize=1024%2C768&amp;ssl=1 1024w, https:\/\/i0.wp.com\/praiadorosayogabrasil.com\/wp-content\/uploads\/2019\/03\/vip-retreat.jpeg?resize=800%2C600&amp;ssl=1 800w, https:\/\/i0.wp.com\/praiadorosayogabrasil.com\/wp-content\/uploads\/2019\/03\/vip-retreat.jpeg?resize=700%2C525&amp;ssl=1 700w, https:\/\/i0.wp.com\/praiadorosayogabrasil.com\/wp-content\/uploads\/2019\/03\/vip-retreat.jpeg?w=2120&amp;ssl=1 2120w, https:\/\/i0.wp.com\/praiadorosayogabrasil.com\/wp-content\/uploads\/2019\/03\/vip-retreat.jpeg?w=3180&amp;ssl=1 3180w\" sizes=\"(max-width: 1024px) 100vw, 1024px\" \/><\/div>\n\t\t<\/figure>\n\t<\/div>\n<\/div><\/div><\/div><div class=\"wpb_column vc_column_container vc_col-sm-6\"><div class=\"vc_column-inner\"><div class=\"wpb_wrapper\">\n\t<div class=\"wpb_text_column wpb_content_element\">\n\t\t<div class=\"wpb_wrapper\">\n\t\t\t<h3>Standard Sample Package :<\/h3>\n<p>&nbsp;<\/p>\n<ul>\n<li>7 noites de hospedagem na Casa do Ceo com o m\u00e1ximo conforto e estilo<\/li>\n<li>Caf\u00e9 da manh\u00e3 saud\u00e1vel di\u00e1rio e deliciosos jantares de acordo com as necessidades alimentares<\/li>\n<li>Duas aulas di\u00e1rias de yoga, feitas sob medida para os alunos<\/li>\n<li>3 excurs\u00f5es de praia \/ caminhada guiadas<\/li>\n<li>1 massagem corporal completa (60min)<\/li>\n<li>Traslados de t\u00e1xi entre o aeroporto de Florian\u00f3polis e o local do evento<\/li>\n<li>Ocupa\u00e7\u00e3o individual, dupla ou tripla dispon\u00edvel.<\/li>\n<\/ul>\n<p>&nbsp;<\/p>\n<p><em>Pre\u00e7os apenas dispon\u00edveis mediante consulta\u00a0\u00a0 \u00a0<\/em><\/p>\n<p>&nbsp;<\/p>\n<p><a href=\"http:\/\/praiadorosayogabrasil.com\/pt\/contact\/\"><u>Entre em contato<\/u><\/a> conosco e conte-nos sobre o seu programa ideal para que possamos fazer isso acontecer!<\/p>\n\n\t\t<\/div>\n\t<\/div>\n<\/div><\/div><\/div><\/div>","protected":false},"excerpt":{"rendered":"Standard Sample Package : &nbsp; 7 nights accommodation at Casa do Ceo with the utmost comfort and style Daily healthy breakfast and delicious evening meals to suit dietary requirements Twice daily yoga classes, tailor-made to the students 3 guided beach\/hike excursions 1 full body massage...","protected":false},"author":1,"featured_media":0,"parent":0,"menu_order":0,"comment_status":"closed","ping_status":"closed","template":"","meta":{"_price":"","_stock":"","_tribe_ticket_header":"","_tribe_default_ticket_provider":"","_tribe_ticket_capacity":"0","_ticket_start_date":"","_ticket_end_date":"","_tribe_ticket_show_description":"","_tribe_ticket_show_not_going":false,"_tribe_ticket_use_global_stock":"","_tribe_ticket_global_stock_level":"","_global_stock_mode":"","_global_stock_cap":"","_tribe_rsvp_for_event":"","_tribe_ticket_going_count":"","_tribe_ticket_not_going_count":"","_tribe_tickets_list":"[]","_tribe_ticket_has_attendee_info_fields":false,"spay_email":"","footnotes":""},"ticketed":false,"_links":{"self":[{"href":"http:\/\/praiadorosayogabrasil.com\/pt\/wp-json\/wp\/v2\/pages\/303"}],"collection":[{"href":"http:\/\/praiadorosayogabrasil.com\/pt\/wp-json\/wp\/v2\/pages"}],"about":[{"href":"http:\/\/praiadorosayogabrasil.com\/pt\/wp-json\/wp\/v2\/types\/page"}],"author":[{"embeddable":true,"href":"http:\/\/praiadorosayogabrasil.com\/pt\/wp-json\/wp\/v2\/users\/1"}],"replies":[{"embeddable":true,"href":"http:\/\/praiadorosayogabrasil.com\/pt\/wp-json\/wp\/v2\/comments?post=303"}],"version-history":[{"count":10,"href":"http:\/\/praiadorosayogabrasil.com\/pt\/wp-json\/wp\/v2\/pages\/303\/revisions"}],"predecessor-version":[{"id":835,"href":"http:\/\/praiadorosayogabrasil.com\/pt\/wp-json\/wp\/v2\/pages\/303\/revisions\/835"}],"wp:attachment":[{"href":"http:\/\/praiadorosayogabrasil.com\/pt\/wp-json\/wp\/v2\/media?parent=303"}],"curies":[{"name":"wp","href":"https:\/\/api.w.org\/{rel}","templated":true}]}}