{"id":70,"date":"2016-07-19T11:16:52","date_gmt":"2016-07-19T11:16:52","guid":{"rendered":"http:\/\/bridge75.qodeinteractive.com\/?page_id=70"},"modified":"2024-10-26T06:47:03","modified_gmt":"2024-10-26T06:47:03","slug":"yogamassage","status":"publish","type":"page","link":"http:\/\/praiadorosayogabrasil.com\/pt\/yogamassage\/","title":{"rendered":"Y\u00f4ga e Massagem"},"content":{"rendered":"<div class=\"vc_row wpb_row vc_row-fluid\" data-lang=\"English\"><div class=\"wpb_column vc_column_container vc_col-sm-12\"><div class=\"vc_column-inner\"><div class=\"wpb_wrapper\">\n\t<div class=\"wpb_text_column wpb_content_element\">\n\t\t<div class=\"wpb_wrapper\">\n\t\t\t<h2>Y\u00f4ga<\/h2>\n\n\t\t<\/div>\n\t<\/div>\n<div class=\"vc_empty_space\"  style=\"height: 46px\" ><span class=\"vc_empty_space_inner\"><\/span><\/div>\n\n\t<div class=\"wpb_text_column wpb_content_element\">\n\t\t<div class=\"wpb_wrapper\">\n\t\t\t<p>N\u00f3s abra\u00e7amos todos os estilos e n\u00edveis de Y\u00f4ga, oferecendo nosso espa\u00e7o para ambos, professores visitantes e alunos, sempre adaptando \u00e0s necessidades individuais.<\/p>\n<p>&nbsp;<\/p>\n<p>As pr\u00e1ticas regulares de Y\u00f4ga s\u00e3o oferecidas por instrutores formados. Cada professor \u00e9 apaixonado pelo que faz, e cada um traz suas experi\u00eancias e estilos \u00fanicos.<\/p>\n<p>&nbsp;<\/p>\n<p>Alunos podem esperar por uma pr\u00e1tica completamente integrada, incluindo medita\u00e7\u00e3o, exerc\u00edcios de respira\u00e7\u00e3o (pranayama) e sequencias de Y\u00f4ga (asanas) para rejuvenescer.<\/p>\n<p>&nbsp;<\/p>\n<p>Aprenda a reconectar com seu corpo e respira\u00e7\u00e3o, encontre seu espa\u00e7o silencioso dentro de si mesmo, desperte um senso de descoberta e traga Y\u00f4ga para seu dia a dia.<\/p>\n<p>&nbsp;<\/p>\n<p><a href=\"http:\/\/praiadorosayogabrasil.com\/pt\/contact\/\"><strong><u>Entre em contato<\/u><\/strong><\/a>\u00a0para participar de uma de nossas pr\u00e1ticas revigorantes!<\/p>\n\n\t\t<\/div>\n\t<\/div>\n\n\t<div class=\"wpb_single_image wpb_content_element vc_align_left\">\n\t\t\n\t\t<figure class=\"wpb_wrapper vc_figure\">\n\t\t\t<div class=\"vc_single_image-wrapper   vc_box_border_grey\"><img fetchpriority=\"high\" decoding=\"async\" width=\"3600\" height=\"2403\" src=\"https:\/\/i2.wp.com\/praiadorosayogabrasil.com\/wp-content\/uploads\/2016\/08\/yoga2.jpg?fit=3600%2C2403&amp;ssl=1\" class=\"vc_single_image-img attachment-full\" alt=\"\" srcset=\"https:\/\/i2.wp.com\/praiadorosayogabrasil.com\/wp-content\/uploads\/2016\/08\/yoga2.jpg?w=3600&amp;ssl=1 3600w, https:\/\/i2.wp.com\/praiadorosayogabrasil.com\/wp-content\/uploads\/2016\/08\/yoga2.jpg?resize=300%2C200&amp;ssl=1 300w, https:\/\/i2.wp.com\/praiadorosayogabrasil.com\/wp-content\/uploads\/2016\/08\/yoga2.jpg?resize=768%2C513&amp;ssl=1 768w, https:\/\/i2.wp.com\/praiadorosayogabrasil.com\/wp-content\/uploads\/2016\/08\/yoga2.jpg?resize=1024%2C684&amp;ssl=1 1024w, https:\/\/i2.wp.com\/praiadorosayogabrasil.com\/wp-content\/uploads\/2016\/08\/yoga2.jpg?resize=700%2C467&amp;ssl=1 700w, https:\/\/i2.wp.com\/praiadorosayogabrasil.com\/wp-content\/uploads\/2016\/08\/yoga2.jpg?w=2120&amp;ssl=1 2120w, https:\/\/i2.wp.com\/praiadorosayogabrasil.com\/wp-content\/uploads\/2016\/08\/yoga2.jpg?w=3180&amp;ssl=1 3180w\" sizes=\"(max-width: 1060px) 100vw, 1060px\" \/><\/div>\n\t\t<\/figure>\n\t<\/div>\n<div class=\"vc_empty_space\"  style=\"height: 46px\" ><span class=\"vc_empty_space_inner\"><\/span><\/div>\n<div class=\"vc_row wpb_row vc_inner vc_row-fluid\"><div class=\"wpb_column vc_column_container vc_col-sm-12\"><div class=\"vc_column-inner\"><div class=\"wpb_wrapper\">\n\t<div class=\"wpb_single_image wpb_content_element vc_align_left\">\n\t\t\n\t\t<figure class=\"wpb_wrapper vc_figure\">\n\t\t\t<div class=\"vc_single_image-wrapper   vc_box_border_grey\"><img decoding=\"async\" width=\"1000\" height=\"668\" src=\"https:\/\/i1.wp.com\/praiadorosayogabrasil.com\/wp-content\/uploads\/2016\/07\/0006883.jpg?fit=1000%2C668&amp;ssl=1\" class=\"vc_single_image-img attachment-full\" alt=\"\" srcset=\"https:\/\/i1.wp.com\/praiadorosayogabrasil.com\/wp-content\/uploads\/2016\/07\/0006883.jpg?w=1000&amp;ssl=1 1000w, https:\/\/i1.wp.com\/praiadorosayogabrasil.com\/wp-content\/uploads\/2016\/07\/0006883.jpg?resize=300%2C200&amp;ssl=1 300w, https:\/\/i1.wp.com\/praiadorosayogabrasil.com\/wp-content\/uploads\/2016\/07\/0006883.jpg?resize=768%2C513&amp;ssl=1 768w, https:\/\/i1.wp.com\/praiadorosayogabrasil.com\/wp-content\/uploads\/2016\/07\/0006883.jpg?resize=700%2C468&amp;ssl=1 700w\" sizes=\"(max-width: 1000px) 100vw, 1000px\" \/><\/div>\n\t\t<\/figure>\n\t<\/div>\n<div class=\"vc_empty_space\"  style=\"height: 46px\" ><span class=\"vc_empty_space_inner\"><\/span><\/div>\n\n\t<div class=\"wpb_single_image wpb_content_element vc_align_center\">\n\t\t\n\t\t<figure class=\"wpb_wrapper vc_figure\">\n\t\t\t<a href=\"http:\/\/praiadorosayogabrasil.com\/pt\/contact\/\" target=\"_self\" class=\"vc_single_image-wrapper   vc_box_border_grey\"><img decoding=\"async\" width=\"600\" height=\"384\" src=\"https:\/\/i0.wp.com\/praiadorosayogabrasil.com\/wp-content\/uploads\/2016\/07\/retreat-home.jpg?fit=600%2C384&amp;ssl=1\" class=\"vc_single_image-img attachment-full\" alt=\"\" srcset=\"https:\/\/i0.wp.com\/praiadorosayogabrasil.com\/wp-content\/uploads\/2016\/07\/retreat-home.jpg?w=600&amp;ssl=1 600w, https:\/\/i0.wp.com\/praiadorosayogabrasil.com\/wp-content\/uploads\/2016\/07\/retreat-home.jpg?resize=300%2C192&amp;ssl=1 300w\" sizes=\"(max-width: 600px) 100vw, 600px\" \/><\/a>\n\t\t<\/figure>\n\t<\/div>\n<div class=\"vc_empty_space\"  style=\"height: 46px\" ><span class=\"vc_empty_space_inner\"><\/span><\/div>\n\n\t<div class=\"wpb_text_column wpb_content_element\">\n\t\t<div class=\"wpb_wrapper\">\n\t\t\t<h2>Massagem<\/h2>\n\n\t\t<\/div>\n\t<\/div>\n<\/div><\/div><\/div><\/div><\/div><\/div><\/div><\/div><div class=\"vc_row wpb_row vc_row-fluid\" data-lang=\"English\"><div class=\"wpb_column vc_column_container vc_col-sm-12\"><div class=\"vc_column-inner\"><div class=\"wpb_wrapper\">\n\t<div class=\"wpb_text_column wpb_content_element\">\n\t\t<div class=\"wpb_wrapper\">\n\t\t\t<p>O que voc\u00ea pode esperar de uma massagem na Praia do Rosa Yoga Brasil?<\/p>\n<p>&nbsp;<\/p>\n<ul>\n<li>Total rejuvenescimento<\/li>\n<li>Relaxamento profundo<\/li>\n<li>Al\u00edvio das tens\u00f5es<\/li>\n<li>Tempo para voc\u00ea<\/li>\n<\/ul>\n<p>&nbsp;<\/p>\n<p>Nossos teraupeutas profissionais far\u00e3o voc\u00ea se sentir cuidada(o), revigorada (o) e relaxada (o).<\/p>\n<p>N\u00f3s honramos o corpo como um todo, equilibrando n\u00e3o somente o aspecto f\u00edsico, mas tamb\u00e9m a mente e o esp\u00edrito.<\/p>\n<p>&nbsp;<\/p>\n<p>Ofere\u00e7a a voc\u00ea uma inesquec\u00edvel experi\u00eancia luxuosa e de cura!<\/p>\n<p>&nbsp;<\/p>\n<p style=\"text-align: left;\"><a href=\"http:\/\/praiadorosayogabrasil.com\/pt\/contact\/\"><strong><u>Pergunte-nos<\/u><\/strong><\/a>\u00a0sobre as diferentes terapias que n\u00f3s oferecemos para lhe dar o tempo de rejuvenescimento que voc\u00ea merece.<\/p>\n\n\t\t<\/div>\n\t<\/div>\n<\/div><\/div><\/div><\/div>","protected":false},"excerpt":{"rendered":"Yoga We embrace all Yoga styles and levels, offering our space to both visiting teachers and students, always adapting to individual needs. &nbsp; Regular Yoga classes are on offer with certified instructors. Every teacher is passionate about what they do, each one bringing their unique...","protected":false},"author":1,"featured_media":0,"parent":0,"menu_order":0,"comment_status":"closed","ping_status":"closed","template":"full_width.php","meta":{"_price":"","_stock":"","_tribe_ticket_header":"","_tribe_default_ticket_provider":"TEC\\Tickets\\Commerce\\Module","_tribe_ticket_capacity":"0","_ticket_start_date":"","_ticket_end_date":"","_tribe_ticket_show_description":"","_tribe_ticket_show_not_going":false,"_tribe_ticket_use_global_stock":"","_tribe_ticket_global_stock_level":"","_global_stock_mode":"","_global_stock_cap":"","_tribe_rsvp_for_event":"","_tribe_ticket_going_count":"","_tribe_ticket_not_going_count":"","_tribe_tickets_list":"[]","_tribe_ticket_has_attendee_info_fields":false,"spay_email":"","footnotes":""},"ticketed":false,"_links":{"self":[{"href":"http:\/\/praiadorosayogabrasil.com\/pt\/wp-json\/wp\/v2\/pages\/70"}],"collection":[{"href":"http:\/\/praiadorosayogabrasil.com\/pt\/wp-json\/wp\/v2\/pages"}],"about":[{"href":"http:\/\/praiadorosayogabrasil.com\/pt\/wp-json\/wp\/v2\/types\/page"}],"author":[{"embeddable":true,"href":"http:\/\/praiadorosayogabrasil.com\/pt\/wp-json\/wp\/v2\/users\/1"}],"replies":[{"embeddable":true,"href":"http:\/\/praiadorosayogabrasil.com\/pt\/wp-json\/wp\/v2\/comments?post=70"}],"version-history":[{"count":10,"href":"http:\/\/praiadorosayogabrasil.com\/pt\/wp-json\/wp\/v2\/pages\/70\/revisions"}],"predecessor-version":[{"id":1760,"href":"http:\/\/praiadorosayogabrasil.com\/pt\/wp-json\/wp\/v2\/pages\/70\/revisions\/1760"}],"wp:attachment":[{"href":"http:\/\/praiadorosayogabrasil.com\/pt\/wp-json\/wp\/v2\/media?parent=70"}],"curies":[{"name":"wp","href":"https:\/\/api.w.org\/{rel}","templated":true}]}}